{"id":22671,"date":"2023-09-08T10:10:40","date_gmt":"2023-09-08T10:10:40","guid":{"rendered":"https:\/\/toolhub.es\/?post_type=product&#038;p=22671"},"modified":"2024-12-26T10:03:10","modified_gmt":"2024-12-26T10:03:10","slug":"jeringa-para-adblue-1litroymedio","status":"publish","type":"product","link":"https:\/\/toolhub.es\/es\/producto\/jeringa-para-adblue-1litroymedio\/","title":{"rendered":"JERINGA PARA ADBLUE &#8211; 1.5L"},"content":{"rendered":"","protected":false},"excerpt":{"rendered":"<p>Jeringa para extracci\u00f3n de l\u00edquidos y fluidos fabricada con materiales resistentes.<br \/>\nCon v\u00e1lvula de cierre que evita derrames del l\u00edquido.<br \/>\n<strong>Capacidad <\/strong>de 1,5 L<br \/>\n<strong>Tubo <\/strong>41 cm llega al fondo del dep\u00f3sito para poder extraer todo el fluido.<br \/>\nPermite extraer e inyectar l\u00edquido refrigerante, agua, l\u00edquido de frenos, aceite, combustibles, etc.<br \/>\nLos materiales de fabricaci\u00f3n soportar\u00e1n variedad de tipos de corrosi\u00f3n.<\/p>\n","protected":false},"featured_media":26598,"template":"","meta":[],"product_cat":[283],"product_tag":[],"acf":[],"aioseo_notices":[],"_links":{"self":[{"href":"https:\/\/toolhub.es\/es\/wp-json\/wp\/v2\/product\/22671"}],"collection":[{"href":"https:\/\/toolhub.es\/es\/wp-json\/wp\/v2\/product"}],"about":[{"href":"https:\/\/toolhub.es\/es\/wp-json\/wp\/v2\/types\/product"}],"wp:featuredmedia":[{"embeddable":true,"href":"https:\/\/toolhub.es\/es\/wp-json\/wp\/v2\/media\/26598"}],"wp:attachment":[{"href":"https:\/\/toolhub.es\/es\/wp-json\/wp\/v2\/media?parent=22671"}],"wp:term":[{"taxonomy":"product_cat","embeddable":true,"href":"https:\/\/toolhub.es\/es\/wp-json\/wp\/v2\/product_cat?post=22671"},{"taxonomy":"product_tag","embeddable":true,"href":"https:\/\/toolhub.es\/es\/wp-json\/wp\/v2\/product_tag?post=22671"}],"curies":[{"name":"wp","href":"https:\/\/api.w.org\/{rel}","templated":true}]}}