{"id":22673,"date":"2023-09-08T10:11:20","date_gmt":"2023-09-08T10:11:20","guid":{"rendered":"https:\/\/toolhub.es\/?post_type=product&#038;p=22673"},"modified":"2024-12-26T10:03:14","modified_gmt":"2024-12-26T10:03:14","slug":"jeringa-para-purgar-combustible-1litroymedio","status":"publish","type":"product","link":"https:\/\/toolhub.es\/es\/producto\/jeringa-para-purgar-combustible-1litroymedio\/","title":{"rendered":"JERINGA PARA PURGAR COMBUSTIBLE 1.5L"},"content":{"rendered":"","protected":false},"excerpt":{"rendered":"<p>Bomba extractora en forma de Jeringuilla dise\u00f1ada para inyectar y extraer todo tipo de l\u00edquidos de veh\u00edculos: Aceites comunes, de transmisi\u00f3n o diferenciales, anticongelante, cajas de cambio.<br \/>\nJeringa para purgar bomba de combustible.<br \/>\nSuministrado con adaptadores.<\/p>\n<p><strong>Capacidad<\/strong>: 1.500CC.<br \/>\n<strong>Peso<\/strong>: 950 Gr.<\/p>\n","protected":false},"featured_media":26599,"template":"","meta":[],"product_cat":[286],"product_tag":[],"acf":[],"aioseo_notices":[],"_links":{"self":[{"href":"https:\/\/toolhub.es\/es\/wp-json\/wp\/v2\/product\/22673"}],"collection":[{"href":"https:\/\/toolhub.es\/es\/wp-json\/wp\/v2\/product"}],"about":[{"href":"https:\/\/toolhub.es\/es\/wp-json\/wp\/v2\/types\/product"}],"wp:featuredmedia":[{"embeddable":true,"href":"https:\/\/toolhub.es\/es\/wp-json\/wp\/v2\/media\/26599"}],"wp:attachment":[{"href":"https:\/\/toolhub.es\/es\/wp-json\/wp\/v2\/media?parent=22673"}],"wp:term":[{"taxonomy":"product_cat","embeddable":true,"href":"https:\/\/toolhub.es\/es\/wp-json\/wp\/v2\/product_cat?post=22673"},{"taxonomy":"product_tag","embeddable":true,"href":"https:\/\/toolhub.es\/es\/wp-json\/wp\/v2\/product_tag?post=22673"}],"curies":[{"name":"wp","href":"https:\/\/api.w.org\/{rel}","templated":true}]}}