{"id":22678,"date":"2023-09-08T10:16:30","date_gmt":"2023-09-08T10:16:30","guid":{"rendered":"https:\/\/toolhub.es\/?post_type=product&#038;p=22678"},"modified":"2024-12-26T10:03:16","modified_gmt":"2024-12-26T10:03:16","slug":"embudo-para-adblue-cuello-angular","status":"publish","type":"product","link":"https:\/\/toolhub.es\/es\/producto\/embudo-para-adblue-cuello-angular\/","title":{"rendered":"EMBUDO PARA ADBLUE -CUELLO ANGULAR"},"content":{"rendered":"","protected":false},"excerpt":{"rendered":"<p>Dise\u00f1ado para colocarse directamente en la boca de llenado del dep\u00f3sito de AdBlue\u00ae cuando el veh\u00edculo est\u00e1 equipado con una boca de llenado en \u00e1ngulo, con valvula antiderrame.<br \/>\n<strong>Capacidad<\/strong>: 1.1L.<\/p>\n","protected":false},"featured_media":26601,"template":"","meta":[],"product_cat":[286],"product_tag":[],"acf":[],"aioseo_notices":[],"_links":{"self":[{"href":"https:\/\/toolhub.es\/es\/wp-json\/wp\/v2\/product\/22678"}],"collection":[{"href":"https:\/\/toolhub.es\/es\/wp-json\/wp\/v2\/product"}],"about":[{"href":"https:\/\/toolhub.es\/es\/wp-json\/wp\/v2\/types\/product"}],"wp:featuredmedia":[{"embeddable":true,"href":"https:\/\/toolhub.es\/es\/wp-json\/wp\/v2\/media\/26601"}],"wp:attachment":[{"href":"https:\/\/toolhub.es\/es\/wp-json\/wp\/v2\/media?parent=22678"}],"wp:term":[{"taxonomy":"product_cat","embeddable":true,"href":"https:\/\/toolhub.es\/es\/wp-json\/wp\/v2\/product_cat?post=22678"},{"taxonomy":"product_tag","embeddable":true,"href":"https:\/\/toolhub.es\/es\/wp-json\/wp\/v2\/product_tag?post=22678"}],"curies":[{"name":"wp","href":"https:\/\/api.w.org\/{rel}","templated":true}]}}