{"id":22726,"date":"2023-09-08T11:51:08","date_gmt":"2023-09-08T11:51:08","guid":{"rendered":"https:\/\/toolhub.es\/?post_type=product&#038;p=22726"},"modified":"2024-12-26T10:03:26","modified_gmt":"2024-12-26T10:03:26","slug":"nivel-para-posicionar-camara-park-assist-volvo","status":"publish","type":"product","link":"https:\/\/toolhub.es\/es\/producto\/nivel-para-posicionar-camara-park-assist-volvo\/","title":{"rendered":"NIVEL PARA POSICIONAR CAMARA PARK ASSIST &#8211; VOLVO"},"content":{"rendered":"","protected":false},"excerpt":{"rendered":"<p>Dise\u00f1ada para garantizar la posici\u00f3n correcta de la c\u00e1mara frontal de asistencia al estacionamiento en los modelos Volvo XC90, XC60, XC40, S90, S60, V90 y V60 como parte del proceso de calibraci\u00f3n.<\/p>\n","protected":false},"featured_media":26611,"template":"","meta":[],"product_cat":[286],"product_tag":[],"acf":[],"aioseo_notices":[],"_links":{"self":[{"href":"https:\/\/toolhub.es\/es\/wp-json\/wp\/v2\/product\/22726"}],"collection":[{"href":"https:\/\/toolhub.es\/es\/wp-json\/wp\/v2\/product"}],"about":[{"href":"https:\/\/toolhub.es\/es\/wp-json\/wp\/v2\/types\/product"}],"wp:featuredmedia":[{"embeddable":true,"href":"https:\/\/toolhub.es\/es\/wp-json\/wp\/v2\/media\/26611"}],"wp:attachment":[{"href":"https:\/\/toolhub.es\/es\/wp-json\/wp\/v2\/media?parent=22726"}],"wp:term":[{"taxonomy":"product_cat","embeddable":true,"href":"https:\/\/toolhub.es\/es\/wp-json\/wp\/v2\/product_cat?post=22726"},{"taxonomy":"product_tag","embeddable":true,"href":"https:\/\/toolhub.es\/es\/wp-json\/wp\/v2\/product_tag?post=22726"}],"curies":[{"name":"wp","href":"https:\/\/api.w.org\/{rel}","templated":true}]}}