{"id":22743,"date":"2023-09-12T07:22:59","date_gmt":"2023-09-12T07:22:59","guid":{"rendered":"https:\/\/toolhub.es\/?post_type=product&#038;p=22743"},"modified":"2024-12-26T10:03:32","modified_gmt":"2024-12-26T10:03:32","slug":"comprobador-de-bomba-de-alta-presion-diesel-common-rail","status":"publish","type":"product","link":"https:\/\/toolhub.es\/es\/producto\/comprobador-de-bomba-de-alta-presion-diesel-common-rail\/","title":{"rendered":"COMPROBADOR DE BOMBA DE ALTA PRESION DIESEL COMMON RAIL"},"content":{"rendered":"","protected":false},"excerpt":{"rendered":"<p>Dise\u00f1ado para verificar la presi\u00f3n del sistema de alta presi\u00f3n en motores common rail.<\/p>\n<p><strong>Se puede utilizar para comprobar:<\/strong> presi\u00f3n m\u00e1xima de la bomba, prueba de presi\u00f3n de funcionamiento, prueba del regulador de la bomba, prueba de fugas del inyector, etc&#8230;<\/p>\n<p>Man\u00f3metro de presi\u00f3n de 0 a 2000 bar.<\/p>\n","protected":false},"featured_media":26620,"template":"","meta":[],"product_cat":[286],"product_tag":[],"acf":[],"aioseo_notices":[],"_links":{"self":[{"href":"https:\/\/toolhub.es\/es\/wp-json\/wp\/v2\/product\/22743"}],"collection":[{"href":"https:\/\/toolhub.es\/es\/wp-json\/wp\/v2\/product"}],"about":[{"href":"https:\/\/toolhub.es\/es\/wp-json\/wp\/v2\/types\/product"}],"wp:featuredmedia":[{"embeddable":true,"href":"https:\/\/toolhub.es\/es\/wp-json\/wp\/v2\/media\/26620"}],"wp:attachment":[{"href":"https:\/\/toolhub.es\/es\/wp-json\/wp\/v2\/media?parent=22743"}],"wp:term":[{"taxonomy":"product_cat","embeddable":true,"href":"https:\/\/toolhub.es\/es\/wp-json\/wp\/v2\/product_cat?post=22743"},{"taxonomy":"product_tag","embeddable":true,"href":"https:\/\/toolhub.es\/es\/wp-json\/wp\/v2\/product_tag?post=22743"}],"curies":[{"name":"wp","href":"https:\/\/api.w.org\/{rel}","templated":true}]}}