{"id":22810,"date":"2023-09-18T10:14:00","date_gmt":"2023-09-18T10:14:00","guid":{"rendered":"https:\/\/toolhub.es\/?post_type=product&#038;p=22810"},"modified":"2024-12-26T10:03:53","modified_gmt":"2024-12-26T10:03:53","slug":"aceite-multiuso-400-ml","status":"publish","type":"product","link":"https:\/\/toolhub.es\/es\/producto\/aceite-multiuso-400-ml\/","title":{"rendered":"ACEITE MULTIUSO 400 ML."},"content":{"rendered":"","protected":false},"excerpt":{"rendered":"<p>Aceite Lubricante para m\u00faltiples aplicaciones. Limpia, lubrica y protege en puntos dif\u00edciles, suelta pestillos oxidados, nudos, tuercas, tornillos, cerraduras, bisagras, etc&#8230; Protege contra la oxidaci\u00f3n y la humedad.<\/p>\n","protected":false},"featured_media":26640,"template":"","meta":[],"product_cat":[285,283],"product_tag":[],"acf":[],"aioseo_notices":[],"_links":{"self":[{"href":"https:\/\/toolhub.es\/es\/wp-json\/wp\/v2\/product\/22810"}],"collection":[{"href":"https:\/\/toolhub.es\/es\/wp-json\/wp\/v2\/product"}],"about":[{"href":"https:\/\/toolhub.es\/es\/wp-json\/wp\/v2\/types\/product"}],"wp:featuredmedia":[{"embeddable":true,"href":"https:\/\/toolhub.es\/es\/wp-json\/wp\/v2\/media\/26640"}],"wp:attachment":[{"href":"https:\/\/toolhub.es\/es\/wp-json\/wp\/v2\/media?parent=22810"}],"wp:term":[{"taxonomy":"product_cat","embeddable":true,"href":"https:\/\/toolhub.es\/es\/wp-json\/wp\/v2\/product_cat?post=22810"},{"taxonomy":"product_tag","embeddable":true,"href":"https:\/\/toolhub.es\/es\/wp-json\/wp\/v2\/product_tag?post=22810"}],"curies":[{"name":"wp","href":"https:\/\/api.w.org\/{rel}","templated":true}]}}