{"id":22813,"date":"2023-09-18T10:16:17","date_gmt":"2023-09-18T10:16:17","guid":{"rendered":"https:\/\/toolhub.es\/?post_type=product&#038;p=22813"},"modified":"2024-12-26T10:03:54","modified_gmt":"2024-12-26T10:03:54","slug":"grasa-adhesiva-500ml","status":"publish","type":"product","link":"https:\/\/toolhub.es\/es\/producto\/grasa-adhesiva-500ml\/","title":{"rendered":"GRASA ADHESIVA 500ML."},"content":{"rendered":"","protected":false},"excerpt":{"rendered":"<p>Grasa adhesiva para la lubricaci\u00f3n y protecci\u00f3n de sistemas mec\u00e1nicos abiertos. Alto poder adhesivo. Lubrica y protege cadenas, engranajes, ejes, coinetes, sistemas mec\u00e1nicos, etc&#8230; Aporta una excelente resistencia contra el desgaste. Soporta alta presi\u00f3n.<\/p>\n","protected":false},"featured_media":26641,"template":"","meta":[],"product_cat":[283,286],"product_tag":[],"acf":[],"aioseo_notices":[],"_links":{"self":[{"href":"https:\/\/toolhub.es\/es\/wp-json\/wp\/v2\/product\/22813"}],"collection":[{"href":"https:\/\/toolhub.es\/es\/wp-json\/wp\/v2\/product"}],"about":[{"href":"https:\/\/toolhub.es\/es\/wp-json\/wp\/v2\/types\/product"}],"wp:featuredmedia":[{"embeddable":true,"href":"https:\/\/toolhub.es\/es\/wp-json\/wp\/v2\/media\/26641"}],"wp:attachment":[{"href":"https:\/\/toolhub.es\/es\/wp-json\/wp\/v2\/media?parent=22813"}],"wp:term":[{"taxonomy":"product_cat","embeddable":true,"href":"https:\/\/toolhub.es\/es\/wp-json\/wp\/v2\/product_cat?post=22813"},{"taxonomy":"product_tag","embeddable":true,"href":"https:\/\/toolhub.es\/es\/wp-json\/wp\/v2\/product_tag?post=22813"}],"curies":[{"name":"wp","href":"https:\/\/api.w.org\/{rel}","templated":true}]}}