{"id":22881,"date":"2023-09-19T10:31:36","date_gmt":"2023-09-19T10:31:36","guid":{"rendered":"https:\/\/toolhub.es\/?post_type=product&#038;p=22881"},"modified":"2024-12-26T10:04:06","modified_gmt":"2024-12-26T10:04:06","slug":"llave-para-sujetar-embrague-de-compresor-de-a-c-ford-dv6-1-6-tdci-duplicate-1","status":"publish","type":"product","link":"https:\/\/toolhub.es\/es\/producto\/llave-para-sujetar-embrague-de-compresor-de-a-c-ford-dv6-1-6-tdci-duplicate-1\/","title":{"rendered":"HERRAMIENTA PARA QUITAR EL CONECTOR DEL MODULO DE BATERIA &#8211; VAG VEHICULO ELECTRICO"},"content":{"rendered":"","protected":false},"excerpt":{"rendered":"<p>Dise\u00f1ada para liberar el conector de comunicaci\u00f3n en los m\u00f3dulos de las bater\u00edas HV.<\/p>\n[table id=95 \/]\n[table id=96 \/]\n","protected":false},"featured_media":26654,"template":"","meta":[],"product_cat":[286,277],"product_tag":[],"acf":[],"aioseo_notices":[],"_links":{"self":[{"href":"https:\/\/toolhub.es\/es\/wp-json\/wp\/v2\/product\/22881"}],"collection":[{"href":"https:\/\/toolhub.es\/es\/wp-json\/wp\/v2\/product"}],"about":[{"href":"https:\/\/toolhub.es\/es\/wp-json\/wp\/v2\/types\/product"}],"wp:featuredmedia":[{"embeddable":true,"href":"https:\/\/toolhub.es\/es\/wp-json\/wp\/v2\/media\/26654"}],"wp:attachment":[{"href":"https:\/\/toolhub.es\/es\/wp-json\/wp\/v2\/media?parent=22881"}],"wp:term":[{"taxonomy":"product_cat","embeddable":true,"href":"https:\/\/toolhub.es\/es\/wp-json\/wp\/v2\/product_cat?post=22881"},{"taxonomy":"product_tag","embeddable":true,"href":"https:\/\/toolhub.es\/es\/wp-json\/wp\/v2\/product_tag?post=22881"}],"curies":[{"name":"wp","href":"https:\/\/api.w.org\/{rel}","templated":true}]}}