{"id":22888,"date":"2023-09-19T10:32:57","date_gmt":"2023-09-19T10:32:57","guid":{"rendered":"https:\/\/toolhub.es\/?post_type=product&#038;p=22888"},"modified":"2024-12-26T10:04:07","modified_gmt":"2024-12-26T10:04:07","slug":"llave-para-quitar-tuerca-de-luz-trasera-tesla","status":"publish","type":"product","link":"https:\/\/toolhub.es\/es\/producto\/llave-para-quitar-tuerca-de-luz-trasera-tesla\/","title":{"rendered":"LLAVE PARA QUITAR TUERA DE LUZ TRASERA &#8211; TESLA"},"content":{"rendered":"","protected":false},"excerpt":{"rendered":"<p>Dise\u00f1ada para remover y colocar la tuerca del faro en Tesla Model 3, para quitar el paragolpes es necesario quitar el faro. Sin este \u00fatil se da\u00f1ar\u00eda la tuerca.<\/p>\n","protected":false},"featured_media":26655,"template":"","meta":[],"product_cat":[286,277],"product_tag":[],"acf":[],"aioseo_notices":[],"_links":{"self":[{"href":"https:\/\/toolhub.es\/es\/wp-json\/wp\/v2\/product\/22888"}],"collection":[{"href":"https:\/\/toolhub.es\/es\/wp-json\/wp\/v2\/product"}],"about":[{"href":"https:\/\/toolhub.es\/es\/wp-json\/wp\/v2\/types\/product"}],"wp:featuredmedia":[{"embeddable":true,"href":"https:\/\/toolhub.es\/es\/wp-json\/wp\/v2\/media\/26655"}],"wp:attachment":[{"href":"https:\/\/toolhub.es\/es\/wp-json\/wp\/v2\/media?parent=22888"}],"wp:term":[{"taxonomy":"product_cat","embeddable":true,"href":"https:\/\/toolhub.es\/es\/wp-json\/wp\/v2\/product_cat?post=22888"},{"taxonomy":"product_tag","embeddable":true,"href":"https:\/\/toolhub.es\/es\/wp-json\/wp\/v2\/product_tag?post=22888"}],"curies":[{"name":"wp","href":"https:\/\/api.w.org\/{rel}","templated":true}]}}