{"id":22900,"date":"2023-09-19T10:41:52","date_gmt":"2023-09-19T10:41:52","guid":{"rendered":"https:\/\/toolhub.es\/?post_type=product&#038;p=22900"},"modified":"2024-12-26T10:04:10","modified_gmt":"2024-12-26T10:04:10","slug":"extractor-rodamientos-de-transmision","status":"publish","type":"product","link":"https:\/\/toolhub.es\/es\/producto\/extractor-rodamientos-de-transmision\/","title":{"rendered":"EXTRACTOR RODAMIENTOS DE TRANSMISI?N."},"content":{"rendered":"","protected":false},"excerpt":{"rendered":"<p>Dise\u00f1ada para no da\u00f1ar los cojinetes de la transmisi\u00f3n \u201c6310, 6311, 6312, 6314\u201d <\/p>\n[table id=98 \/]\n","protected":false},"featured_media":26657,"template":"","meta":[],"product_cat":[259],"product_tag":[],"acf":[],"aioseo_notices":[],"_links":{"self":[{"href":"https:\/\/toolhub.es\/es\/wp-json\/wp\/v2\/product\/22900"}],"collection":[{"href":"https:\/\/toolhub.es\/es\/wp-json\/wp\/v2\/product"}],"about":[{"href":"https:\/\/toolhub.es\/es\/wp-json\/wp\/v2\/types\/product"}],"wp:featuredmedia":[{"embeddable":true,"href":"https:\/\/toolhub.es\/es\/wp-json\/wp\/v2\/media\/26657"}],"wp:attachment":[{"href":"https:\/\/toolhub.es\/es\/wp-json\/wp\/v2\/media?parent=22900"}],"wp:term":[{"taxonomy":"product_cat","embeddable":true,"href":"https:\/\/toolhub.es\/es\/wp-json\/wp\/v2\/product_cat?post=22900"},{"taxonomy":"product_tag","embeddable":true,"href":"https:\/\/toolhub.es\/es\/wp-json\/wp\/v2\/product_tag?post=22900"}],"curies":[{"name":"wp","href":"https:\/\/api.w.org\/{rel}","templated":true}]}}