{"id":22956,"date":"2023-09-19T11:49:02","date_gmt":"2023-09-19T11:49:02","guid":{"rendered":"https:\/\/toolhub.es\/?post_type=product&#038;p=22956"},"modified":"2024-12-26T10:04:22","modified_gmt":"2024-12-26T10:04:22","slug":"llave-para-tapon-de-radiador-ranura-en-cruz","status":"publish","type":"product","link":"https:\/\/toolhub.es\/es\/producto\/llave-para-tapon-de-radiador-ranura-en-cruz\/","title":{"rendered":"LLAVE PARA TAPON DE RADIADOR &#8211; RANURA EN CRUZ"},"content":{"rendered":"","protected":false},"excerpt":{"rendered":"<p>Adaptador en forma de cruz abierta a los lados. Apto para la mayor\u00eda de tapones en turismo. Ideal para no da\u00f1ar el tap\u00f3n de pl\u00e1stico. Se puede utilizar con vaso de 17mm o carraca de 3\/8<\/p>\n","protected":false},"featured_media":26668,"template":"","meta":[],"product_cat":[286],"product_tag":[],"acf":[],"aioseo_notices":[],"_links":{"self":[{"href":"https:\/\/toolhub.es\/es\/wp-json\/wp\/v2\/product\/22956"}],"collection":[{"href":"https:\/\/toolhub.es\/es\/wp-json\/wp\/v2\/product"}],"about":[{"href":"https:\/\/toolhub.es\/es\/wp-json\/wp\/v2\/types\/product"}],"wp:featuredmedia":[{"embeddable":true,"href":"https:\/\/toolhub.es\/es\/wp-json\/wp\/v2\/media\/26668"}],"wp:attachment":[{"href":"https:\/\/toolhub.es\/es\/wp-json\/wp\/v2\/media?parent=22956"}],"wp:term":[{"taxonomy":"product_cat","embeddable":true,"href":"https:\/\/toolhub.es\/es\/wp-json\/wp\/v2\/product_cat?post=22956"},{"taxonomy":"product_tag","embeddable":true,"href":"https:\/\/toolhub.es\/es\/wp-json\/wp\/v2\/product_tag?post=22956"}],"curies":[{"name":"wp","href":"https:\/\/api.w.org\/{rel}","templated":true}]}}