{"id":23004,"date":"2023-09-20T09:53:23","date_gmt":"2023-09-20T09:53:23","guid":{"rendered":"https:\/\/toolhub.es\/?post_type=product&#038;p=23004"},"modified":"2025-03-14T12:30:42","modified_gmt":"2025-03-14T12:30:42","slug":"vaso-para-cremallera-de-direccion-toyota-lexus","status":"publish","type":"product","link":"https:\/\/toolhub.es\/es\/producto\/vaso-para-cremallera-de-direccion-toyota-lexus\/","title":{"rendered":"VASO PARA CREMALLERA DE DIRECCION &#8211; TOYOTA \/ LEXUS"},"content":{"rendered":"","protected":false},"excerpt":{"rendered":"<p>Dise\u00f1ado para desmontar y montar la junta t\u00f3rica de la cremallera de direcci\u00f3n.<\/p>\n[table id=120 \/]\n","protected":false},"featured_media":26682,"template":"","meta":[],"product_cat":[275,286],"product_tag":[],"acf":[],"aioseo_notices":[],"_links":{"self":[{"href":"https:\/\/toolhub.es\/es\/wp-json\/wp\/v2\/product\/23004"}],"collection":[{"href":"https:\/\/toolhub.es\/es\/wp-json\/wp\/v2\/product"}],"about":[{"href":"https:\/\/toolhub.es\/es\/wp-json\/wp\/v2\/types\/product"}],"wp:featuredmedia":[{"embeddable":true,"href":"https:\/\/toolhub.es\/es\/wp-json\/wp\/v2\/media\/26682"}],"wp:attachment":[{"href":"https:\/\/toolhub.es\/es\/wp-json\/wp\/v2\/media?parent=23004"}],"wp:term":[{"taxonomy":"product_cat","embeddable":true,"href":"https:\/\/toolhub.es\/es\/wp-json\/wp\/v2\/product_cat?post=23004"},{"taxonomy":"product_tag","embeddable":true,"href":"https:\/\/toolhub.es\/es\/wp-json\/wp\/v2\/product_tag?post=23004"}],"curies":[{"name":"wp","href":"https:\/\/api.w.org\/{rel}","templated":true}]}}