{"id":23039,"date":"2023-09-20T10:38:18","date_gmt":"2023-09-20T10:38:18","guid":{"rendered":"https:\/\/toolhub.es\/?post_type=product&#038;p=23039"},"modified":"2024-12-30T12:48:46","modified_gmt":"2024-12-30T12:48:46","slug":"instalador-reten-ciguenal-frontal-volvo-renault","status":"publish","type":"product","link":"https:\/\/toolhub.es\/es\/producto\/instalador-reten-ciguenal-frontal-volvo-renault\/","title":{"rendered":"INSTALADOR RET?N CIG?E?AL FRONTAL VOLVO"},"content":{"rendered":"","protected":false},"excerpt":{"rendered":"<p>Dise\u00f1ado para instalar el ret\u00e9n frontal de cig\u00fce\u00f1al sin da\u00f1arlo y asegurarnos de que ha quedado instalado correctamente.<\/p>\n<p><strong>Exterior:<\/strong> 158mm<br \/>\n<strong>Interior:<\/strong> 136mm<\/p>\n[table id=129 \/]\n[table id=130 \/]\n","protected":false},"featured_media":27141,"template":"","meta":[],"product_cat":[259,286],"product_tag":[],"acf":[],"aioseo_notices":[],"_links":{"self":[{"href":"https:\/\/toolhub.es\/es\/wp-json\/wp\/v2\/product\/23039"}],"collection":[{"href":"https:\/\/toolhub.es\/es\/wp-json\/wp\/v2\/product"}],"about":[{"href":"https:\/\/toolhub.es\/es\/wp-json\/wp\/v2\/types\/product"}],"wp:featuredmedia":[{"embeddable":true,"href":"https:\/\/toolhub.es\/es\/wp-json\/wp\/v2\/media\/27141"}],"wp:attachment":[{"href":"https:\/\/toolhub.es\/es\/wp-json\/wp\/v2\/media?parent=23039"}],"wp:term":[{"taxonomy":"product_cat","embeddable":true,"href":"https:\/\/toolhub.es\/es\/wp-json\/wp\/v2\/product_cat?post=23039"},{"taxonomy":"product_tag","embeddable":true,"href":"https:\/\/toolhub.es\/es\/wp-json\/wp\/v2\/product_tag?post=23039"}],"curies":[{"name":"wp","href":"https:\/\/api.w.org\/{rel}","templated":true}]}}