{"id":23062,"date":"2023-09-20T11:10:50","date_gmt":"2023-09-20T11:10:50","guid":{"rendered":"https:\/\/toolhub.es\/?post_type=product&#038;p=23062"},"modified":"2024-12-26T10:04:45","modified_gmt":"2024-12-26T10:04:45","slug":"instalador-reten-ciguenal-frontal-daf","status":"publish","type":"product","link":"https:\/\/toolhub.es\/es\/producto\/instalador-reten-ciguenal-frontal-daf\/","title":{"rendered":"INSTALADOR RET?N CIG?E?AL TRASERO DAF"},"content":{"rendered":"","protected":false},"excerpt":{"rendered":"<p>Dise\u00f1ada para no da\u00f1ar el reten de cig\u00fce\u00f1al y asegurarnos de una correcta instalaci\u00f3n.<\/p>\n[table id=134 \/]\n[table id=135 \/]\n","protected":false},"featured_media":26694,"template":"","meta":[],"product_cat":[278],"product_tag":[],"acf":[],"aioseo_notices":[],"_links":{"self":[{"href":"https:\/\/toolhub.es\/es\/wp-json\/wp\/v2\/product\/23062"}],"collection":[{"href":"https:\/\/toolhub.es\/es\/wp-json\/wp\/v2\/product"}],"about":[{"href":"https:\/\/toolhub.es\/es\/wp-json\/wp\/v2\/types\/product"}],"wp:featuredmedia":[{"embeddable":true,"href":"https:\/\/toolhub.es\/es\/wp-json\/wp\/v2\/media\/26694"}],"wp:attachment":[{"href":"https:\/\/toolhub.es\/es\/wp-json\/wp\/v2\/media?parent=23062"}],"wp:term":[{"taxonomy":"product_cat","embeddable":true,"href":"https:\/\/toolhub.es\/es\/wp-json\/wp\/v2\/product_cat?post=23062"},{"taxonomy":"product_tag","embeddable":true,"href":"https:\/\/toolhub.es\/es\/wp-json\/wp\/v2\/product_tag?post=23062"}],"curies":[{"name":"wp","href":"https:\/\/api.w.org\/{rel}","templated":true}]}}