{"id":23211,"date":"2023-10-02T07:29:47","date_gmt":"2023-10-02T07:29:47","guid":{"rendered":"https:\/\/toolhub.es\/?post_type=product&#038;p=23211"},"modified":"2024-12-30T12:49:26","modified_gmt":"2024-12-30T12:49:26","slug":"__trashed","status":"publish","type":"product","link":"https:\/\/toolhub.es\/es\/producto\/__trashed\/","title":{"rendered":"PALANCA UNIVERSAL CURVA Y RECTA"},"content":{"rendered":"","protected":false},"excerpt":{"rendered":"<p>Dise\u00f1ada para reemplazar esas palancas pl\u00e1sticas que siempre se rompen y nunca cumplen su funci\u00f3n. Metal de alta calidad s\u00faper resistente, con una punta plana y otra angulada para que ning\u00fan tipo de guarnizado, grapa o embecellecedor se nos resista.<\/p>\n","protected":false},"featured_media":27145,"template":"","meta":[],"product_cat":[280],"product_tag":[],"acf":[],"aioseo_notices":[],"_links":{"self":[{"href":"https:\/\/toolhub.es\/es\/wp-json\/wp\/v2\/product\/23211"}],"collection":[{"href":"https:\/\/toolhub.es\/es\/wp-json\/wp\/v2\/product"}],"about":[{"href":"https:\/\/toolhub.es\/es\/wp-json\/wp\/v2\/types\/product"}],"wp:featuredmedia":[{"embeddable":true,"href":"https:\/\/toolhub.es\/es\/wp-json\/wp\/v2\/media\/27145"}],"wp:attachment":[{"href":"https:\/\/toolhub.es\/es\/wp-json\/wp\/v2\/media?parent=23211"}],"wp:term":[{"taxonomy":"product_cat","embeddable":true,"href":"https:\/\/toolhub.es\/es\/wp-json\/wp\/v2\/product_cat?post=23211"},{"taxonomy":"product_tag","embeddable":true,"href":"https:\/\/toolhub.es\/es\/wp-json\/wp\/v2\/product_tag?post=23211"}],"curies":[{"name":"wp","href":"https:\/\/api.w.org\/{rel}","templated":true}]}}