{"id":23615,"date":"2024-01-17T15:26:07","date_gmt":"2024-01-17T15:26:07","guid":{"rendered":"https:\/\/toolhub.es\/?post_type=product&#038;p=23615"},"modified":"2024-12-26T10:06:58","modified_gmt":"2024-12-26T10:06:58","slug":"cepillo-de-alambre","status":"publish","type":"product","link":"https:\/\/toolhub.es\/es\/producto\/cepillo-de-alambre\/","title":{"rendered":"CEPILLO DE ALAMBRE"},"content":{"rendered":"","protected":false},"excerpt":{"rendered":"<p>Ideal para cepillar superficies con \u00f3xido, por ejemplo pinzas de freno, bujes o tornillos que necesiten ser cepillados antes de colocar un vaso o llave.<br \/>\nMango ergon\u00f3mico de pl\u00e1stico para una mejor firmeza.<br \/>\nRelleno de alambre de acero de lat\u00f3n con mango ergon\u00f3mico de pl\u00e1stico<\/p>\n[supsystic-tables id=586]\n","protected":false},"featured_media":26863,"template":"","meta":[],"product_cat":[274,286],"product_tag":[],"acf":[],"aioseo_notices":[],"_links":{"self":[{"href":"https:\/\/toolhub.es\/es\/wp-json\/wp\/v2\/product\/23615"}],"collection":[{"href":"https:\/\/toolhub.es\/es\/wp-json\/wp\/v2\/product"}],"about":[{"href":"https:\/\/toolhub.es\/es\/wp-json\/wp\/v2\/types\/product"}],"wp:featuredmedia":[{"embeddable":true,"href":"https:\/\/toolhub.es\/es\/wp-json\/wp\/v2\/media\/26863"}],"wp:attachment":[{"href":"https:\/\/toolhub.es\/es\/wp-json\/wp\/v2\/media?parent=23615"}],"wp:term":[{"taxonomy":"product_cat","embeddable":true,"href":"https:\/\/toolhub.es\/es\/wp-json\/wp\/v2\/product_cat?post=23615"},{"taxonomy":"product_tag","embeddable":true,"href":"https:\/\/toolhub.es\/es\/wp-json\/wp\/v2\/product_tag?post=23615"}],"curies":[{"name":"wp","href":"https:\/\/api.w.org\/{rel}","templated":true}]}}