{"id":23617,"date":"2024-01-17T15:31:30","date_gmt":"2024-01-17T15:31:30","guid":{"rendered":"https:\/\/toolhub.es\/?post_type=product&#038;p=23617"},"modified":"2024-12-26T10:06:59","modified_gmt":"2024-12-26T10:06:59","slug":"llave-de-correa-para-filtros-de-aceite","status":"publish","type":"product","link":"https:\/\/toolhub.es\/es\/producto\/llave-de-correa-para-filtros-de-aceite\/","title":{"rendered":"LLAVE DE CORREA PARA FILTROS DE ACEITE."},"content":{"rendered":"","protected":false},"excerpt":{"rendered":"<p>Dise\u00f1ada para quitar filtro de aceite de dif\u00edcil acceso. No da\u00f1a ni deja marcas en los filtros.<\/p>\n<p><strong>Longitud correa:<\/strong> 21,5cm<\/p>\n","protected":false},"featured_media":26865,"template":"","meta":[],"product_cat":[286],"product_tag":[],"acf":[],"aioseo_notices":[],"_links":{"self":[{"href":"https:\/\/toolhub.es\/es\/wp-json\/wp\/v2\/product\/23617"}],"collection":[{"href":"https:\/\/toolhub.es\/es\/wp-json\/wp\/v2\/product"}],"about":[{"href":"https:\/\/toolhub.es\/es\/wp-json\/wp\/v2\/types\/product"}],"wp:featuredmedia":[{"embeddable":true,"href":"https:\/\/toolhub.es\/es\/wp-json\/wp\/v2\/media\/26865"}],"wp:attachment":[{"href":"https:\/\/toolhub.es\/es\/wp-json\/wp\/v2\/media?parent=23617"}],"wp:term":[{"taxonomy":"product_cat","embeddable":true,"href":"https:\/\/toolhub.es\/es\/wp-json\/wp\/v2\/product_cat?post=23617"},{"taxonomy":"product_tag","embeddable":true,"href":"https:\/\/toolhub.es\/es\/wp-json\/wp\/v2\/product_tag?post=23617"}],"curies":[{"name":"wp","href":"https:\/\/api.w.org\/{rel}","templated":true}]}}