{"id":23832,"date":"2024-02-15T08:43:52","date_gmt":"2024-02-15T08:43:52","guid":{"rendered":"https:\/\/toolhub.es\/?post_type=product&#038;p=23832"},"modified":"2024-12-26T10:07:42","modified_gmt":"2024-12-26T10:07:42","slug":"sangrador-de-frenos-manual-por-presion-25l","status":"publish","type":"product","link":"https:\/\/toolhub.es\/es\/producto\/sangrador-de-frenos-manual-por-presion-25l\/","title":{"rendered":"SANGRADOR DE FRENOS POR PRESION &#8211; CAP. 2,5L"},"content":{"rendered":"","protected":false},"excerpt":{"rendered":"<p>Utilizaci\u00f3n sencilla, enroscar al dep\u00f3sito de l\u00edquido de frenos y generar presi\u00f3n. Luego liberar los purgadores para reemplazar el l\u00edquido.<\/p>\n<p>Medidas: 170 x 190 x 420mm<\/p>\n<p>Peso:1140 Gr<\/p>\n<p>Incluye un adaptador europeo<\/p>\n","protected":false},"featured_media":26909,"template":"","meta":[],"product_cat":[231],"product_tag":[],"acf":[],"aioseo_notices":[],"_links":{"self":[{"href":"https:\/\/toolhub.es\/es\/wp-json\/wp\/v2\/product\/23832"}],"collection":[{"href":"https:\/\/toolhub.es\/es\/wp-json\/wp\/v2\/product"}],"about":[{"href":"https:\/\/toolhub.es\/es\/wp-json\/wp\/v2\/types\/product"}],"wp:featuredmedia":[{"embeddable":true,"href":"https:\/\/toolhub.es\/es\/wp-json\/wp\/v2\/media\/26909"}],"wp:attachment":[{"href":"https:\/\/toolhub.es\/es\/wp-json\/wp\/v2\/media?parent=23832"}],"wp:term":[{"taxonomy":"product_cat","embeddable":true,"href":"https:\/\/toolhub.es\/es\/wp-json\/wp\/v2\/product_cat?post=23832"},{"taxonomy":"product_tag","embeddable":true,"href":"https:\/\/toolhub.es\/es\/wp-json\/wp\/v2\/product_tag?post=23832"}],"curies":[{"name":"wp","href":"https:\/\/api.w.org\/{rel}","templated":true}]}}