{"id":23939,"date":"2024-03-01T08:36:30","date_gmt":"2024-03-01T08:36:30","guid":{"rendered":"https:\/\/toolhub.es\/?post_type=product&#038;p=23939"},"modified":"2024-12-26T10:08:06","modified_gmt":"2024-12-26T10:08:06","slug":"comrpobador-de-bujias-12v","status":"publish","type":"product","link":"https:\/\/toolhub.es\/es\/producto\/comrpobador-de-bujias-12v\/","title":{"rendered":"COMPROBADOR DE BUJ?AS 12V"},"content":{"rendered":"","protected":false},"excerpt":{"rendered":"<p>Dise\u00f1ado para verifi car la chispa en las buj\u00edas, y poder determinar si el fallo en el motor es la buj\u00eda o la bobina.<br \/>\nSencilla utilizaci\u00f3n basta con colocar la buj\u00eda en el orificio y variar la perilla en funci\u00f3n a las RPM que queremos simular.<br \/>\nSe pueden comprobar dos buj\u00edas simultaneamente o individualmente.<br \/>\nApto para todo tipo de buj\u00edas en motores gasolina.<\/p>\n","protected":false},"featured_media":26944,"template":"","meta":[],"product_cat":[286,277],"product_tag":[],"acf":[],"aioseo_notices":[],"_links":{"self":[{"href":"https:\/\/toolhub.es\/es\/wp-json\/wp\/v2\/product\/23939"}],"collection":[{"href":"https:\/\/toolhub.es\/es\/wp-json\/wp\/v2\/product"}],"about":[{"href":"https:\/\/toolhub.es\/es\/wp-json\/wp\/v2\/types\/product"}],"wp:featuredmedia":[{"embeddable":true,"href":"https:\/\/toolhub.es\/es\/wp-json\/wp\/v2\/media\/26944"}],"wp:attachment":[{"href":"https:\/\/toolhub.es\/es\/wp-json\/wp\/v2\/media?parent=23939"}],"wp:term":[{"taxonomy":"product_cat","embeddable":true,"href":"https:\/\/toolhub.es\/es\/wp-json\/wp\/v2\/product_cat?post=23939"},{"taxonomy":"product_tag","embeddable":true,"href":"https:\/\/toolhub.es\/es\/wp-json\/wp\/v2\/product_tag?post=23939"}],"curies":[{"name":"wp","href":"https:\/\/api.w.org\/{rel}","templated":true}]}}