{"id":23987,"date":"2024-05-14T14:37:45","date_gmt":"2024-05-14T14:37:45","guid":{"rendered":"https:\/\/toolhub.es\/?post_type=product&#038;p=23987"},"modified":"2024-12-26T10:08:15","modified_gmt":"2024-12-26T10:08:15","slug":"pintura-negra-satinada-400ml","status":"publish","type":"product","link":"https:\/\/toolhub.es\/es\/producto\/pintura-negra-satinada-400ml\/","title":{"rendered":"PINTURA NEGRO SATINADO 400 ML."},"content":{"rendered":"","protected":false},"excerpt":{"rendered":"<p>Esmalte sint\u00e9tico monocomponente de<br \/>\nacabado para repintado de piezas. F\u00e1cil de usar. Secado r\u00e1pido. Proporciona un acabado uniforme y sedoso. Se adhiere a la mayor\u00eda de metales, poliester, madera, etc&#8230;<br \/>\nAlto poder de lubricaci\u00f3n. Agitar antes de usar. Pulverizar a una distancia aproximada de 30cm. Secado aproximado 5 minutos.<br \/>\nInvertir y pulverizar despu\u00e9s de su uso para limpiar la c\u00e1nula de pulverizaci\u00f3n.<\/p>\n","protected":false},"featured_media":26955,"template":"","meta":[],"product_cat":[283],"product_tag":[],"acf":[],"aioseo_notices":[],"_links":{"self":[{"href":"https:\/\/toolhub.es\/es\/wp-json\/wp\/v2\/product\/23987"}],"collection":[{"href":"https:\/\/toolhub.es\/es\/wp-json\/wp\/v2\/product"}],"about":[{"href":"https:\/\/toolhub.es\/es\/wp-json\/wp\/v2\/types\/product"}],"wp:featuredmedia":[{"embeddable":true,"href":"https:\/\/toolhub.es\/es\/wp-json\/wp\/v2\/media\/26955"}],"wp:attachment":[{"href":"https:\/\/toolhub.es\/es\/wp-json\/wp\/v2\/media?parent=23987"}],"wp:term":[{"taxonomy":"product_cat","embeddable":true,"href":"https:\/\/toolhub.es\/es\/wp-json\/wp\/v2\/product_cat?post=23987"},{"taxonomy":"product_tag","embeddable":true,"href":"https:\/\/toolhub.es\/es\/wp-json\/wp\/v2\/product_tag?post=23987"}],"curies":[{"name":"wp","href":"https:\/\/api.w.org\/{rel}","templated":true}]}}