{"id":23994,"date":"2024-05-14T15:14:30","date_gmt":"2024-05-14T15:14:30","guid":{"rendered":"https:\/\/toolhub.es\/?post_type=product&#038;p=23994"},"modified":"2024-12-26T10:08:18","modified_gmt":"2024-12-26T10:08:18","slug":"imprimacion-anticorrosiva-zinc-puro-400ml","status":"publish","type":"product","link":"https:\/\/toolhub.es\/es\/producto\/imprimacion-anticorrosiva-zinc-puro-400ml\/","title":{"rendered":"ZINC PURO 400 ML."},"content":{"rendered":"","protected":false},"excerpt":{"rendered":"<p>Imprimaci\u00f3n anticorrosiva de larga duraci\u00f3n a base de Zinc 98%. Resistente a los agentes atmosf\u00e9ricos, rayos, UV, soluciones alcalinas, aceites minerales, abrasi\u00f3n, etc&#8230;<br \/>\nResistente a temperaturas de -30\u00baC a 500\u00baC.<br \/>\nSecado r\u00e1pido.<br \/>\nF\u00e1cil de lijar.<br \/>\nAgitar antes de usar.<br \/>\nPulverizar a una distancia de al menos 15cm.<\/p>\n","protected":false},"featured_media":26957,"template":"","meta":[],"product_cat":[283],"product_tag":[],"acf":[],"aioseo_notices":[],"_links":{"self":[{"href":"https:\/\/toolhub.es\/es\/wp-json\/wp\/v2\/product\/23994"}],"collection":[{"href":"https:\/\/toolhub.es\/es\/wp-json\/wp\/v2\/product"}],"about":[{"href":"https:\/\/toolhub.es\/es\/wp-json\/wp\/v2\/types\/product"}],"wp:featuredmedia":[{"embeddable":true,"href":"https:\/\/toolhub.es\/es\/wp-json\/wp\/v2\/media\/26957"}],"wp:attachment":[{"href":"https:\/\/toolhub.es\/es\/wp-json\/wp\/v2\/media?parent=23994"}],"wp:term":[{"taxonomy":"product_cat","embeddable":true,"href":"https:\/\/toolhub.es\/es\/wp-json\/wp\/v2\/product_cat?post=23994"},{"taxonomy":"product_tag","embeddable":true,"href":"https:\/\/toolhub.es\/es\/wp-json\/wp\/v2\/product_tag?post=23994"}],"curies":[{"name":"wp","href":"https:\/\/api.w.org\/{rel}","templated":true}]}}