{"id":23997,"date":"2024-05-14T15:18:05","date_gmt":"2024-05-14T15:18:05","guid":{"rendered":"https:\/\/toolhub.es\/?post_type=product&#038;p=23997"},"modified":"2024-12-26T10:08:19","modified_gmt":"2024-12-26T10:08:19","slug":"lubricante-efecto-hielo-400ml","status":"publish","type":"product","link":"https:\/\/toolhub.es\/es\/producto\/lubricante-efecto-hielo-400ml\/","title":{"rendered":"DESBLOCANTE EFECTO HIELO 400ML."},"content":{"rendered":"","protected":false},"excerpt":{"rendered":"<p>Aceite desbloqueante de alta calidad. Al contacto con las superficies met\u00e1licas, baja la temperatura hasta -40\u00baC provocando microroturas en el \u00f3xido y la suciedad incrustada en el interior de las roscas. La penetraci\u00f3n r\u00e1pida permite aflojar en menor tiempo todo tipo de piezas agarrotadas. Se emplea en la reparaci\u00f3n de autom\u00f3viles, centros de ensamblaje y mecanizaci\u00f3n, mantenimiento agr\u00edcola, reparaci\u00f3n y mantenimiento naval, construcci\u00f3n, etc&#8230;<\/p>\n","protected":false},"featured_media":26958,"template":"","meta":[],"product_cat":[283],"product_tag":[],"acf":[],"aioseo_notices":[],"_links":{"self":[{"href":"https:\/\/toolhub.es\/es\/wp-json\/wp\/v2\/product\/23997"}],"collection":[{"href":"https:\/\/toolhub.es\/es\/wp-json\/wp\/v2\/product"}],"about":[{"href":"https:\/\/toolhub.es\/es\/wp-json\/wp\/v2\/types\/product"}],"wp:featuredmedia":[{"embeddable":true,"href":"https:\/\/toolhub.es\/es\/wp-json\/wp\/v2\/media\/26958"}],"wp:attachment":[{"href":"https:\/\/toolhub.es\/es\/wp-json\/wp\/v2\/media?parent=23997"}],"wp:term":[{"taxonomy":"product_cat","embeddable":true,"href":"https:\/\/toolhub.es\/es\/wp-json\/wp\/v2\/product_cat?post=23997"},{"taxonomy":"product_tag","embeddable":true,"href":"https:\/\/toolhub.es\/es\/wp-json\/wp\/v2\/product_tag?post=23997"}],"curies":[{"name":"wp","href":"https:\/\/api.w.org\/{rel}","templated":true}]}}