{"id":24001,"date":"2024-05-14T15:24:38","date_gmt":"2024-05-14T15:24:38","guid":{"rendered":"https:\/\/toolhub.es\/?post_type=product&#038;p=24001"},"modified":"2024-12-26T10:08:21","modified_gmt":"2024-12-26T10:08:21","slug":"promotor-adherencia-plasticos-500ml","status":"publish","type":"product","link":"https:\/\/toolhub.es\/es\/producto\/promotor-adherencia-plasticos-500ml\/","title":{"rendered":"PROMOTOR ADHERENCIA PLASTICOS 500 ML."},"content":{"rendered":"","protected":false},"excerpt":{"rendered":"<p>Producto que mejora la adherencia y flexibilidad de la pintura y otros productos acr\u00edlicos sobre pl\u00e1sticos. Totalmente incoloro por lo que no afecta a la colometr\u00eda final. Act\u00faa sobre la mayor\u00eda de pl\u00e1sticos utilizados en la automoci\u00f3n. Compatible con esmaltes base agua y disolvente.<br \/>\nPulverizar entre 20 y 30cm de distancia.<br \/>\nTiempo de secado 10 minutos aproximadamente.<\/p>\n","protected":false},"featured_media":26960,"template":"","meta":[],"product_cat":[283],"product_tag":[],"acf":[],"aioseo_notices":[],"_links":{"self":[{"href":"https:\/\/toolhub.es\/es\/wp-json\/wp\/v2\/product\/24001"}],"collection":[{"href":"https:\/\/toolhub.es\/es\/wp-json\/wp\/v2\/product"}],"about":[{"href":"https:\/\/toolhub.es\/es\/wp-json\/wp\/v2\/types\/product"}],"wp:featuredmedia":[{"embeddable":true,"href":"https:\/\/toolhub.es\/es\/wp-json\/wp\/v2\/media\/26960"}],"wp:attachment":[{"href":"https:\/\/toolhub.es\/es\/wp-json\/wp\/v2\/media?parent=24001"}],"wp:term":[{"taxonomy":"product_cat","embeddable":true,"href":"https:\/\/toolhub.es\/es\/wp-json\/wp\/v2\/product_cat?post=24001"},{"taxonomy":"product_tag","embeddable":true,"href":"https:\/\/toolhub.es\/es\/wp-json\/wp\/v2\/product_tag?post=24001"}],"curies":[{"name":"wp","href":"https:\/\/api.w.org\/{rel}","templated":true}]}}