{"id":24005,"date":"2024-05-14T15:30:03","date_gmt":"2024-05-14T15:30:03","guid":{"rendered":"https:\/\/toolhub.es\/?post_type=product&#038;p=24005"},"modified":"2024-12-26T10:08:24","modified_gmt":"2024-12-26T10:08:24","slug":"imprimacion-acrilica-hs-negro-500ml","status":"publish","type":"product","link":"https:\/\/toolhub.es\/es\/producto\/imprimacion-acrilica-hs-negro-500ml\/","title":{"rendered":"IMPRIMACION ACRILICA NEGRA 500 ML."},"content":{"rendered":"","protected":false},"excerpt":{"rendered":"<p>Imprimaci\u00f3n acr\u00edlica lista para su uso. Excelente adherencia en todo tipo de metales. Compatible con pinturas de base acr\u00edlica y agua. Secado al aire. Secado r\u00e1pido, aproximadamente 5 minutos.<br \/>\nExtremadamente f\u00e1cil de lijar. Aplicaci\u00f3n h\u00famedo sobre h\u00famedo. Agitar bien antes de usar. Pulverizar a unos 15cm de distancia.<\/p>\n","protected":false},"featured_media":26962,"template":"","meta":[],"product_cat":[283],"product_tag":[],"acf":[],"aioseo_notices":[],"_links":{"self":[{"href":"https:\/\/toolhub.es\/es\/wp-json\/wp\/v2\/product\/24005"}],"collection":[{"href":"https:\/\/toolhub.es\/es\/wp-json\/wp\/v2\/product"}],"about":[{"href":"https:\/\/toolhub.es\/es\/wp-json\/wp\/v2\/types\/product"}],"wp:featuredmedia":[{"embeddable":true,"href":"https:\/\/toolhub.es\/es\/wp-json\/wp\/v2\/media\/26962"}],"wp:attachment":[{"href":"https:\/\/toolhub.es\/es\/wp-json\/wp\/v2\/media?parent=24005"}],"wp:term":[{"taxonomy":"product_cat","embeddable":true,"href":"https:\/\/toolhub.es\/es\/wp-json\/wp\/v2\/product_cat?post=24005"},{"taxonomy":"product_tag","embeddable":true,"href":"https:\/\/toolhub.es\/es\/wp-json\/wp\/v2\/product_tag?post=24005"}],"curies":[{"name":"wp","href":"https:\/\/api.w.org\/{rel}","templated":true}]}}