{"id":24009,"date":"2024-05-14T15:40:38","date_gmt":"2024-05-14T15:40:38","guid":{"rendered":"https:\/\/toolhub.es\/?post_type=product&#038;p=24009"},"modified":"2024-12-26T10:08:27","modified_gmt":"2024-12-26T10:08:27","slug":"pintura-negro-brillo-400ml","status":"publish","type":"product","link":"https:\/\/toolhub.es\/es\/producto\/pintura-negro-brillo-400ml\/","title":{"rendered":"PINTURA NEGRO BRILLO 400 ML."},"content":{"rendered":"","protected":false},"excerpt":{"rendered":"<p>Esmalte sint\u00e9tico monocomponente de acabado para repintado de piezas. F\u00e1cil de usar. Secado r\u00e1pido. Proporciona un acabado uniforme y sedoso. Se adhiere a la mayor\u00eda de los metales, poliester, madera, etc&#8230; Agitar antes de usar. Pulverizar a una distancia aproximada de 30cm. Secado aproximado 5 minutos.<\/p>\n","protected":false},"featured_media":26964,"template":"","meta":[],"product_cat":[283],"product_tag":[],"acf":[],"aioseo_notices":[],"_links":{"self":[{"href":"https:\/\/toolhub.es\/es\/wp-json\/wp\/v2\/product\/24009"}],"collection":[{"href":"https:\/\/toolhub.es\/es\/wp-json\/wp\/v2\/product"}],"about":[{"href":"https:\/\/toolhub.es\/es\/wp-json\/wp\/v2\/types\/product"}],"wp:featuredmedia":[{"embeddable":true,"href":"https:\/\/toolhub.es\/es\/wp-json\/wp\/v2\/media\/26964"}],"wp:attachment":[{"href":"https:\/\/toolhub.es\/es\/wp-json\/wp\/v2\/media?parent=24009"}],"wp:term":[{"taxonomy":"product_cat","embeddable":true,"href":"https:\/\/toolhub.es\/es\/wp-json\/wp\/v2\/product_cat?post=24009"},{"taxonomy":"product_tag","embeddable":true,"href":"https:\/\/toolhub.es\/es\/wp-json\/wp\/v2\/product_tag?post=24009"}],"curies":[{"name":"wp","href":"https:\/\/api.w.org\/{rel}","templated":true}]}}