{"id":24011,"date":"2024-05-14T15:42:35","date_gmt":"2024-05-14T15:42:35","guid":{"rendered":"https:\/\/toolhub.es\/?post_type=product&#038;p=24011"},"modified":"2024-12-26T10:08:28","modified_gmt":"2024-12-26T10:08:28","slug":"protector-polos-bateria-150ml","status":"publish","type":"product","link":"https:\/\/toolhub.es\/es\/producto\/protector-polos-bateria-150ml\/","title":{"rendered":"PROTECTOR POLOS BATERIA 150 ML."},"content":{"rendered":"","protected":false},"excerpt":{"rendered":"<p>Fabricada a base de grasa c\u00e1lcica mineral.<br \/>\nForma una pel\u00edcula seca, resistente, duradera, flexible y no conductora. Limpia la entrada de agua y humedad. Resistente a temperaturas de entre -30\u00baC hasta 85\u00baC.<br \/>\nMuy resistente a soluciones causticas como alcalinas. Lubrica y protege los bornes de las bater\u00edas de autom\u00f3viles, veh\u00edculos industriales, etc&#8230; Evita el deterioro de los bornes protegi\u00e9ndolos del \u00e1cido de las bater\u00edas.<\/p>\n","protected":false},"featured_media":26965,"template":"","meta":[],"product_cat":[283],"product_tag":[],"acf":[],"aioseo_notices":[],"_links":{"self":[{"href":"https:\/\/toolhub.es\/es\/wp-json\/wp\/v2\/product\/24011"}],"collection":[{"href":"https:\/\/toolhub.es\/es\/wp-json\/wp\/v2\/product"}],"about":[{"href":"https:\/\/toolhub.es\/es\/wp-json\/wp\/v2\/types\/product"}],"wp:featuredmedia":[{"embeddable":true,"href":"https:\/\/toolhub.es\/es\/wp-json\/wp\/v2\/media\/26965"}],"wp:attachment":[{"href":"https:\/\/toolhub.es\/es\/wp-json\/wp\/v2\/media?parent=24011"}],"wp:term":[{"taxonomy":"product_cat","embeddable":true,"href":"https:\/\/toolhub.es\/es\/wp-json\/wp\/v2\/product_cat?post=24011"},{"taxonomy":"product_tag","embeddable":true,"href":"https:\/\/toolhub.es\/es\/wp-json\/wp\/v2\/product_tag?post=24011"}],"curies":[{"name":"wp","href":"https:\/\/api.w.org\/{rel}","templated":true}]}}