{"id":24013,"date":"2024-05-14T15:45:26","date_gmt":"2024-05-14T15:45:26","guid":{"rendered":"https:\/\/toolhub.es\/?post_type=product&#038;p=24013"},"modified":"2024-12-26T10:08:29","modified_gmt":"2024-12-26T10:08:29","slug":"limpiador-descarbonizante-de-sistemas-de-admision-500ml","status":"publish","type":"product","link":"https:\/\/toolhub.es\/es\/producto\/limpiador-descarbonizante-de-sistemas-de-admision-500ml\/","title":{"rendered":"LIMPIADOR CARBURADORES 500 ML."},"content":{"rendered":"","protected":false},"excerpt":{"rendered":"<p>Formulado con potentes agentes limpiadores. Elimina y disuelve las impurezas y residuos inquemados en todo el sistema de combusti\u00f3n. Altamente eficaz en toberas, asientos de v\u00e1lvula, pistones, segmentos, v\u00e1lvula EGR, turbo, etc&#8230;V\u00e1lido para motores di\u00e9sel y gasolina. Disminuye el consumo de combustible. Mejora problemas de falta de aceleraci\u00f3n y p\u00e9rdida de potencia. Reduce las emisiones de CO.<br \/>\nProtege las partes met\u00e1licas.<br \/>\nNo ataca gomas ni cauchos.<\/p>\n","protected":false},"featured_media":26966,"template":"","meta":[],"product_cat":[283],"product_tag":[],"acf":[],"aioseo_notices":[],"_links":{"self":[{"href":"https:\/\/toolhub.es\/es\/wp-json\/wp\/v2\/product\/24013"}],"collection":[{"href":"https:\/\/toolhub.es\/es\/wp-json\/wp\/v2\/product"}],"about":[{"href":"https:\/\/toolhub.es\/es\/wp-json\/wp\/v2\/types\/product"}],"wp:featuredmedia":[{"embeddable":true,"href":"https:\/\/toolhub.es\/es\/wp-json\/wp\/v2\/media\/26966"}],"wp:attachment":[{"href":"https:\/\/toolhub.es\/es\/wp-json\/wp\/v2\/media?parent=24013"}],"wp:term":[{"taxonomy":"product_cat","embeddable":true,"href":"https:\/\/toolhub.es\/es\/wp-json\/wp\/v2\/product_cat?post=24013"},{"taxonomy":"product_tag","embeddable":true,"href":"https:\/\/toolhub.es\/es\/wp-json\/wp\/v2\/product_tag?post=24013"}],"curies":[{"name":"wp","href":"https:\/\/api.w.org\/{rel}","templated":true}]}}