{"id":24015,"date":"2024-05-14T15:47:47","date_gmt":"2024-05-14T15:47:47","guid":{"rendered":"https:\/\/toolhub.es\/?post_type=product&#038;p=24015"},"modified":"2024-12-26T10:08:30","modified_gmt":"2024-12-26T10:08:30","slug":"pintura-plata-para-llantas-400ml","status":"publish","type":"product","link":"https:\/\/toolhub.es\/es\/producto\/pintura-plata-para-llantas-400ml\/","title":{"rendered":"PINTURA PLATA LLANTAS 400 ML."},"content":{"rendered":"","protected":false},"excerpt":{"rendered":"<p>Esmalte sint\u00e9tico monocomponente de acabado para repintado de piezas. F\u00e1cil de usar. Secado r\u00e1pido. Proporciona un acabado uniforme y sedoso. Se adhiere a la mayor\u00eda de los metales, poliester, madera, etc&#8230; Agitar antes de usar. Pulverizar a una distancia aproximada de 30cm. Secado aproximado 5 minutos.<\/p>\n","protected":false},"featured_media":26967,"template":"","meta":[],"product_cat":[283],"product_tag":[],"acf":[],"aioseo_notices":[],"_links":{"self":[{"href":"https:\/\/toolhub.es\/es\/wp-json\/wp\/v2\/product\/24015"}],"collection":[{"href":"https:\/\/toolhub.es\/es\/wp-json\/wp\/v2\/product"}],"about":[{"href":"https:\/\/toolhub.es\/es\/wp-json\/wp\/v2\/types\/product"}],"wp:featuredmedia":[{"embeddable":true,"href":"https:\/\/toolhub.es\/es\/wp-json\/wp\/v2\/media\/26967"}],"wp:attachment":[{"href":"https:\/\/toolhub.es\/es\/wp-json\/wp\/v2\/media?parent=24015"}],"wp:term":[{"taxonomy":"product_cat","embeddable":true,"href":"https:\/\/toolhub.es\/es\/wp-json\/wp\/v2\/product_cat?post=24015"},{"taxonomy":"product_tag","embeddable":true,"href":"https:\/\/toolhub.es\/es\/wp-json\/wp\/v2\/product_tag?post=24015"}],"curies":[{"name":"wp","href":"https:\/\/api.w.org\/{rel}","templated":true}]}}