{"id":27056,"date":"2024-12-18T10:00:23","date_gmt":"2024-12-18T10:00:23","guid":{"rendered":"https:\/\/toolhub.es\/es\/?post_type=product&#038;p=27056"},"modified":"2024-12-30T12:54:56","modified_gmt":"2024-12-30T12:54:56","slug":"sujetador-amortiguador-capo-y-maletero","status":"publish","type":"product","link":"https:\/\/toolhub.es\/es\/producto\/sujetador-amortiguador-capo-y-maletero\/","title":{"rendered":"SUJETADOR AMORTIGUADOR CAPO Y MALETERO"},"content":{"rendered":"","protected":false},"excerpt":{"rendered":"<p>Dise\u00f1ado para mantener seguro el puntal del cap\u00f3 para evitar da\u00f1os o lesiones debido a fallas del puntal.<\/p>\n","protected":false},"featured_media":24971,"template":"","meta":[],"product_cat":[231,286],"product_tag":[],"acf":[],"aioseo_notices":[],"_links":{"self":[{"href":"https:\/\/toolhub.es\/es\/wp-json\/wp\/v2\/product\/27056"}],"collection":[{"href":"https:\/\/toolhub.es\/es\/wp-json\/wp\/v2\/product"}],"about":[{"href":"https:\/\/toolhub.es\/es\/wp-json\/wp\/v2\/types\/product"}],"wp:featuredmedia":[{"embeddable":true,"href":"https:\/\/toolhub.es\/es\/wp-json\/wp\/v2\/media\/24971"}],"wp:attachment":[{"href":"https:\/\/toolhub.es\/es\/wp-json\/wp\/v2\/media?parent=27056"}],"wp:term":[{"taxonomy":"product_cat","embeddable":true,"href":"https:\/\/toolhub.es\/es\/wp-json\/wp\/v2\/product_cat?post=27056"},{"taxonomy":"product_tag","embeddable":true,"href":"https:\/\/toolhub.es\/es\/wp-json\/wp\/v2\/product_tag?post=27056"}],"curies":[{"name":"wp","href":"https:\/\/api.w.org\/{rel}","templated":true}]}}