{"id":27076,"date":"2024-12-18T10:00:33","date_gmt":"2024-12-18T10:00:33","guid":{"rendered":"https:\/\/toolhub.es\/es\/?post_type=product&#038;p=27076"},"modified":"2024-12-30T12:55:24","modified_gmt":"2024-12-30T12:55:24","slug":"jeringa-para-inyectar-y-extraer-aceites-15l","status":"publish","type":"product","link":"https:\/\/toolhub.es\/es\/producto\/jeringa-para-inyectar-y-extraer-aceites-15l\/","title":{"rendered":"JERINGA PARA INYECTAR Y EXTRAER ACEITES 1,5L"},"content":{"rendered":"","protected":false},"excerpt":{"rendered":"<p>Bomba extractora en forma de Jeringuilla dise\u00f1ada para inyectar y extraer todo tipo de l\u00edquidos de veh\u00edculos: aceite, ATF, aceite de engranajes, l\u00edquidos de direcci\u00f3n, l\u00edquido de frenos AdBlue y anticongelante.<\/p>\n<p><strong>\u00b7 <\/strong>Para inyectar y extraer todo tipo de l\u00edquidos de veh\u00edculos<br \/>\n<strong>\u00b7 <\/strong>Suministrado con adaptadores<br \/>\n<strong>\u00b7 <\/strong><strong>Capacidad: <\/strong>1.500CC.<\/p>\n","protected":false},"featured_media":25010,"template":"","meta":[],"product_cat":[283],"product_tag":[],"acf":[],"aioseo_notices":[],"_links":{"self":[{"href":"https:\/\/toolhub.es\/es\/wp-json\/wp\/v2\/product\/27076"}],"collection":[{"href":"https:\/\/toolhub.es\/es\/wp-json\/wp\/v2\/product"}],"about":[{"href":"https:\/\/toolhub.es\/es\/wp-json\/wp\/v2\/types\/product"}],"wp:featuredmedia":[{"embeddable":true,"href":"https:\/\/toolhub.es\/es\/wp-json\/wp\/v2\/media\/25010"}],"wp:attachment":[{"href":"https:\/\/toolhub.es\/es\/wp-json\/wp\/v2\/media?parent=27076"}],"wp:term":[{"taxonomy":"product_cat","embeddable":true,"href":"https:\/\/toolhub.es\/es\/wp-json\/wp\/v2\/product_cat?post=27076"},{"taxonomy":"product_tag","embeddable":true,"href":"https:\/\/toolhub.es\/es\/wp-json\/wp\/v2\/product_tag?post=27076"}],"curies":[{"name":"wp","href":"https:\/\/api.w.org\/{rel}","templated":true}]}}