{"id":27571,"date":"2025-04-09T07:59:14","date_gmt":"2025-04-09T07:59:14","guid":{"rendered":"https:\/\/toolhub.es\/es\/?post_type=product&#038;p=27571"},"modified":"2025-04-10T19:08:31","modified_gmt":"2025-04-10T19:08:31","slug":"util-sujecion-cadena-de-distribucion-mercedes-om642","status":"publish","type":"product","link":"https:\/\/toolhub.es\/es\/producto\/util-sujecion-cadena-de-distribucion-mercedes-om642\/","title":{"rendered":"\u00daTIL SUJECI\u00d3N CADENA DE DISTRIBUCI\u00d3N &#8211; MERCEDES OM642"},"content":{"rendered":"","protected":false},"excerpt":{"rendered":"","protected":false},"featured_media":27586,"template":"","meta":[],"product_cat":[278],"product_tag":[],"acf":[],"aioseo_notices":[],"_links":{"self":[{"href":"https:\/\/toolhub.es\/es\/wp-json\/wp\/v2\/product\/27571"}],"collection":[{"href":"https:\/\/toolhub.es\/es\/wp-json\/wp\/v2\/product"}],"about":[{"href":"https:\/\/toolhub.es\/es\/wp-json\/wp\/v2\/types\/product"}],"wp:featuredmedia":[{"embeddable":true,"href":"https:\/\/toolhub.es\/es\/wp-json\/wp\/v2\/media\/27586"}],"wp:attachment":[{"href":"https:\/\/toolhub.es\/es\/wp-json\/wp\/v2\/media?parent=27571"}],"wp:term":[{"taxonomy":"product_cat","embeddable":true,"href":"https:\/\/toolhub.es\/es\/wp-json\/wp\/v2\/product_cat?post=27571"},{"taxonomy":"product_tag","embeddable":true,"href":"https:\/\/toolhub.es\/es\/wp-json\/wp\/v2\/product_tag?post=27571"}],"curies":[{"name":"wp","href":"https:\/\/api.w.org\/{rel}","templated":true}]}}